{"id":17,"date":"2025-08-01T23:33:50","date_gmt":"2025-08-01T23:33:50","guid":{"rendered":"https:\/\/chiller.abcgeradores.com.br\/?page_id=17"},"modified":"2025-11-13T18:38:39","modified_gmt":"2025-11-13T18:38:39","slug":"chillers","status":"publish","type":"page","link":"https:\/\/chiller.abcgeradores.com.br\/","title":{"rendered":"Chillers"},"content":{"rendered":"<p style=\"\"><span style=\"background-color: var(--tcb-skin-color-0);\">Autonomia e economia para o seu neg\u00f3cio<\/span><\/p>\n<h1 style=\"\">Loca\u00e7\u00e3o de chiller para refrigera\u00e7\u00e3o e climatiza\u00e7\u00e3o Industrial<\/h1>\n<p>Nossa solu\u00e7\u00e3o de loca\u00e7\u00e3o de equipamentos para climatiza\u00e7\u00e3o e controle de temperatura ajudam a minimizar perdas e otimizar processos.<\/p>\n<p><span><img decoding=\"async\" alt=\"\" data-id=\"41\" width=\"336\" data-init-width=\"500\" height=\"336\" data-init-height=\"500\" title=\"abc geradores foto\" src=\"https:\/\/chiller.abcgeradores.com.br\/wp-content\/uploads\/2025\/08\/abc-geradores-foto.png\" data-width=\"336\" data-height=\"336\" style=\"aspect-ratio: auto 500 \/ 500;\" loading=\"lazy\"><\/span><span><img decoding=\"async\" alt=\"\" data-id=\"4965\" width=\"300\" height=\"300\" title=\"logos-atacadao-base.png\" src=\"https:\/\/growthlabs.com.br\/wp-content\/uploads\/2025\/06\/logos-atacadao-base.png.webp\" data-src=\"https:\/\/growthlabs.com.br\/wp-content\/uploads\/2025\/06\/logos-atacadao-base.png.webp\" data-sizes=\"{&quot;thumbnail&quot;:{&quot;url&quot;:&quot;https:\/\/growthlabs.com.br\/wp-content\/uploads\/2025\/06\/logos-atacadao-base.png-150x150.webp&quot;,&quot;height&quot;:150,&quot;width&quot;:150,&quot;orientation&quot;:&quot;landscape&quot;},&quot;full&quot;:{&quot;url&quot;:&quot;https:\/\/growthlabs.com.br\/wp-content\/uploads\/2025\/06\/logos-atacadao-base.png.webp&quot;,&quot;height&quot;:300,&quot;width&quot;:300,&quot;orientation&quot;:&quot;landscape&quot;}}\" style=\"\" loading=\"lazy\"><\/span><span><img decoding=\"async\" alt=\"\" data-id=\"4966\" width=\"300\" height=\"300\" title=\"logos-correios-base.png\" src=\"https:\/\/growthlabs.com.br\/wp-content\/uploads\/2025\/06\/logos-correios-base.png.webp\" data-src=\"https:\/\/growthlabs.com.br\/wp-content\/uploads\/2025\/06\/logos-correios-base.png.webp\" data-sizes=\"{&quot;thumbnail&quot;:{&quot;url&quot;:&quot;https:\/\/growthlabs.com.br\/wp-content\/uploads\/2025\/06\/logos-correios-base.png-150x150.webp&quot;,&quot;height&quot;:150,&quot;width&quot;:150,&quot;orientation&quot;:&quot;landscape&quot;},&quot;full&quot;:{&quot;url&quot;:&quot;https:\/\/growthlabs.com.br\/wp-content\/uploads\/2025\/06\/logos-correios-base.png.webp&quot;,&quot;height&quot;:300,&quot;width&quot;:300,&quot;orientation&quot;:&quot;landscape&quot;}}\" style=\"\" loading=\"lazy\"><\/span><span><img decoding=\"async\" alt=\"\" data-id=\"4967\" width=\"300\" height=\"300\" title=\"logos-cpfl-base-1x1-1\" src=\"https:\/\/chiller.abcgeradores.com.br\/wp-content\/uploads\/2025\/08\/logos-cpfl-base-1x1-1-1.png\" data-src=\"https:\/\/chiller.abcgeradores.com.br\/wp-content\/uploads\/2025\/08\/logos-cpfl-base-1x1-1-1.png\" data-sizes=\"{&quot;thumbnail&quot;:{&quot;url&quot;:&quot;https:\/\/chiller.abcgeradores.com.br\/wp-content\/uploads\/2025\/08\/logos-cpfl-base-1x1-1-150x150-1.png&quot;,&quot;height&quot;:150,&quot;width&quot;:150,&quot;orientation&quot;:&quot;landscape&quot;},&quot;full&quot;:{&quot;url&quot;:&quot;https:\/\/chiller.abcgeradores.com.br\/wp-content\/uploads\/2025\/08\/logos-cpfl-base-1x1-1-1.png&quot;,&quot;height&quot;:300,&quot;width&quot;:300,&quot;orientation&quot;:&quot;landscape&quot;}}\" style=\"\" loading=\"lazy\"><\/span><span><img decoding=\"async\" alt=\"\" data-id=\"4968\" width=\"300\" height=\"300\" title=\"logos-energisa-base.png\" src=\"https:\/\/growthlabs.com.br\/wp-content\/uploads\/2025\/06\/logos-energisa-base.png.webp\" data-src=\"https:\/\/growthlabs.com.br\/wp-content\/uploads\/2025\/06\/logos-energisa-base.png.webp\" data-sizes=\"{&quot;thumbnail&quot;:{&quot;url&quot;:&quot;https:\/\/growthlabs.com.br\/wp-content\/uploads\/2025\/06\/logos-energisa-base.png-150x150.webp&quot;,&quot;height&quot;:150,&quot;width&quot;:150,&quot;orientation&quot;:&quot;landscape&quot;},&quot;full&quot;:{&quot;url&quot;:&quot;https:\/\/growthlabs.com.br\/wp-content\/uploads\/2025\/06\/logos-energisa-base.png.webp&quot;,&quot;height&quot;:300,&quot;width&quot;:300,&quot;orientation&quot;:&quot;landscape&quot;}}\" style=\"\" loading=\"lazy\"><\/span><span><img decoding=\"async\" alt=\"\" data-id=\"4969\" width=\"300\" height=\"200\" title=\"logos-marinha-base.png\" src=\"https:\/\/growthlabs.com.br\/wp-content\/uploads\/2025\/06\/logos-marinha-base.png.webp\" data-src=\"https:\/\/growthlabs.com.br\/wp-content\/uploads\/2025\/06\/logos-marinha-base.png.webp\" data-sizes=\"{&quot;thumbnail&quot;:{&quot;url&quot;:&quot;https:\/\/growthlabs.com.br\/wp-content\/uploads\/2025\/06\/logos-marinha-base.png-150x150.webp&quot;,&quot;height&quot;:150,&quot;width&quot;:150,&quot;orientation&quot;:&quot;landscape&quot;},&quot;full&quot;:{&quot;url&quot;:&quot;https:\/\/growthlabs.com.br\/wp-content\/uploads\/2025\/06\/logos-marinha-base.png.webp&quot;,&quot;height&quot;:200,&quot;width&quot;:300,&quot;orientation&quot;:&quot;landscape&quot;}}\" style=\"\" loading=\"lazy\"><\/span><span><img decoding=\"async\" alt=\"\" data-id=\"4970\" width=\"300\" height=\"300\" title=\"logos-petrobras-base.png\" src=\"https:\/\/growthlabs.com.br\/wp-content\/uploads\/2025\/06\/logos-petrobras-base.png.webp\" data-src=\"https:\/\/growthlabs.com.br\/wp-content\/uploads\/2025\/06\/logos-petrobras-base.png.webp\" data-sizes=\"{&quot;thumbnail&quot;:{&quot;url&quot;:&quot;https:\/\/growthlabs.com.br\/wp-content\/uploads\/2025\/06\/logos-petrobras-base.png-150x150.webp&quot;,&quot;height&quot;:150,&quot;width&quot;:150,&quot;orientation&quot;:&quot;landscape&quot;},&quot;full&quot;:{&quot;url&quot;:&quot;https:\/\/growthlabs.com.br\/wp-content\/uploads\/2025\/06\/logos-petrobras-base.png.webp&quot;,&quot;height&quot;:300,&quot;width&quot;:300,&quot;orientation&quot;:&quot;landscape&quot;}}\" style=\"\" loading=\"lazy\"><\/span><span><img decoding=\"async\" alt=\"\" data-id=\"4971\" width=\"300\" height=\"300\" title=\"logos-petz-base.png\" src=\"https:\/\/growthlabs.com.br\/wp-content\/uploads\/2025\/06\/logos-petz-base.png.webp\" data-src=\"https:\/\/growthlabs.com.br\/wp-content\/uploads\/2025\/06\/logos-petz-base.png.webp\" data-sizes=\"{&quot;thumbnail&quot;:{&quot;url&quot;:&quot;https:\/\/growthlabs.com.br\/wp-content\/uploads\/2025\/06\/logos-petz-base.png-150x150.webp&quot;,&quot;height&quot;:150,&quot;width&quot;:150,&quot;orientation&quot;:&quot;landscape&quot;},&quot;full&quot;:{&quot;url&quot;:&quot;https:\/\/growthlabs.com.br\/wp-content\/uploads\/2025\/06\/logos-petz-base.png.webp&quot;,&quot;height&quot;:300,&quot;width&quot;:300,&quot;orientation&quot;:&quot;landscape&quot;}}\" style=\"\" loading=\"lazy\"><\/span><span><img decoding=\"async\" alt=\"\" data-id=\"4972\" width=\"300\" height=\"200\" title=\"logos-sabesp-base.png\" src=\"https:\/\/growthlabs.com.br\/wp-content\/uploads\/2025\/06\/logos-sabesp-base.png.webp\" data-src=\"https:\/\/growthlabs.com.br\/wp-content\/uploads\/2025\/06\/logos-sabesp-base.png.webp\" data-sizes=\"{&quot;thumbnail&quot;:{&quot;url&quot;:&quot;https:\/\/growthlabs.com.br\/wp-content\/uploads\/2025\/06\/logos-sabesp-base.png-150x150.webp&quot;,&quot;height&quot;:150,&quot;width&quot;:150,&quot;orientation&quot;:&quot;landscape&quot;},&quot;full&quot;:{&quot;url&quot;:&quot;https:\/\/growthlabs.com.br\/wp-content\/uploads\/2025\/06\/logos-sabesp-base.png.webp&quot;,&quot;height&quot;:200,&quot;width&quot;:300,&quot;orientation&quot;:&quot;landscape&quot;}}\" style=\"\" loading=\"lazy\"><\/span><span><img decoding=\"async\" alt=\"\" data-id=\"4965\" width=\"300\" height=\"300\" title=\"logos-atacadao-base.png\" src=\"https:\/\/growthlabs.com.br\/wp-content\/uploads\/2025\/06\/logos-atacadao-base.png.webp\" data-src=\"https:\/\/growthlabs.com.br\/wp-content\/uploads\/2025\/06\/logos-atacadao-base.png.webp\" data-sizes=\"{&quot;thumbnail&quot;:{&quot;url&quot;:&quot;https:\/\/growthlabs.com.br\/wp-content\/uploads\/2025\/06\/logos-atacadao-base.png-150x150.webp&quot;,&quot;height&quot;:150,&quot;width&quot;:150,&quot;orientation&quot;:&quot;landscape&quot;},&quot;full&quot;:{&quot;url&quot;:&quot;https:\/\/growthlabs.com.br\/wp-content\/uploads\/2025\/06\/logos-atacadao-base.png.webp&quot;,&quot;height&quot;:300,&quot;width&quot;:300,&quot;orientation&quot;:&quot;landscape&quot;}}\" style=\"\" loading=\"lazy\"><\/span><span><img decoding=\"async\" alt=\"\" data-id=\"4966\" width=\"300\" height=\"300\" title=\"logos-correios-base.png\" src=\"https:\/\/growthlabs.com.br\/wp-content\/uploads\/2025\/06\/logos-correios-base.png.webp\" data-src=\"https:\/\/growthlabs.com.br\/wp-content\/uploads\/2025\/06\/logos-correios-base.png.webp\" data-sizes=\"{&quot;thumbnail&quot;:{&quot;url&quot;:&quot;https:\/\/growthlabs.com.br\/wp-content\/uploads\/2025\/06\/logos-correios-base.png-150x150.webp&quot;,&quot;height&quot;:150,&quot;width&quot;:150,&quot;orientation&quot;:&quot;landscape&quot;},&quot;full&quot;:{&quot;url&quot;:&quot;https:\/\/growthlabs.com.br\/wp-content\/uploads\/2025\/06\/logos-correios-base.png.webp&quot;,&quot;height&quot;:300,&quot;width&quot;:300,&quot;orientation&quot;:&quot;landscape&quot;}}\" style=\"\" loading=\"lazy\"><\/span><span><img decoding=\"async\" alt=\"\" data-id=\"4967\" width=\"300\" height=\"300\" title=\"logos-cpfl-base-1x1-1\" src=\"https:\/\/chiller.abcgeradores.com.br\/wp-content\/uploads\/2025\/08\/logos-cpfl-base-1x1-1-1.png\" data-src=\"https:\/\/chiller.abcgeradores.com.br\/wp-content\/uploads\/2025\/08\/logos-cpfl-base-1x1-1-1.png\" data-sizes=\"{&quot;thumbnail&quot;:{&quot;url&quot;:&quot;https:\/\/chiller.abcgeradores.com.br\/wp-content\/uploads\/2025\/08\/logos-cpfl-base-1x1-1-150x150-1.png&quot;,&quot;height&quot;:150,&quot;width&quot;:150,&quot;orientation&quot;:&quot;landscape&quot;},&quot;full&quot;:{&quot;url&quot;:&quot;https:\/\/chiller.abcgeradores.com.br\/wp-content\/uploads\/2025\/08\/logos-cpfl-base-1x1-1-1.png&quot;,&quot;height&quot;:300,&quot;width&quot;:300,&quot;orientation&quot;:&quot;landscape&quot;}}\" style=\"\" loading=\"lazy\"><\/span><span><img decoding=\"async\" alt=\"\" data-id=\"4968\" width=\"300\" height=\"300\" title=\"logos-energisa-base.png\" src=\"https:\/\/growthlabs.com.br\/wp-content\/uploads\/2025\/06\/logos-energisa-base.png.webp\" data-src=\"https:\/\/growthlabs.com.br\/wp-content\/uploads\/2025\/06\/logos-energisa-base.png.webp\" data-sizes=\"{&quot;thumbnail&quot;:{&quot;url&quot;:&quot;https:\/\/growthlabs.com.br\/wp-content\/uploads\/2025\/06\/logos-energisa-base.png-150x150.webp&quot;,&quot;height&quot;:150,&quot;width&quot;:150,&quot;orientation&quot;:&quot;landscape&quot;},&quot;full&quot;:{&quot;url&quot;:&quot;https:\/\/growthlabs.com.br\/wp-content\/uploads\/2025\/06\/logos-energisa-base.png.webp&quot;,&quot;height&quot;:300,&quot;width&quot;:300,&quot;orientation&quot;:&quot;landscape&quot;}}\" style=\"\" loading=\"lazy\"><\/span><span><img decoding=\"async\" alt=\"\" data-id=\"4969\" width=\"300\" height=\"200\" title=\"logos-marinha-base.png\" src=\"https:\/\/growthlabs.com.br\/wp-content\/uploads\/2025\/06\/logos-marinha-base.png.webp\" data-src=\"https:\/\/growthlabs.com.br\/wp-content\/uploads\/2025\/06\/logos-marinha-base.png.webp\" data-sizes=\"{&quot;thumbnail&quot;:{&quot;url&quot;:&quot;https:\/\/growthlabs.com.br\/wp-content\/uploads\/2025\/06\/logos-marinha-base.png-150x150.webp&quot;,&quot;height&quot;:150,&quot;width&quot;:150,&quot;orientation&quot;:&quot;landscape&quot;},&quot;full&quot;:{&quot;url&quot;:&quot;https:\/\/growthlabs.com.br\/wp-content\/uploads\/2025\/06\/logos-marinha-base.png.webp&quot;,&quot;height&quot;:200,&quot;width&quot;:300,&quot;orientation&quot;:&quot;landscape&quot;}}\" style=\"\" loading=\"lazy\"><\/span><span><img decoding=\"async\" alt=\"\" data-id=\"4970\" width=\"300\" height=\"300\" title=\"logos-petrobras-base.png\" src=\"https:\/\/growthlabs.com.br\/wp-content\/uploads\/2025\/06\/logos-petrobras-base.png.webp\" data-src=\"https:\/\/growthlabs.com.br\/wp-content\/uploads\/2025\/06\/logos-petrobras-base.png.webp\" data-sizes=\"{&quot;thumbnail&quot;:{&quot;url&quot;:&quot;https:\/\/growthlabs.com.br\/wp-content\/uploads\/2025\/06\/logos-petrobras-base.png-150x150.webp&quot;,&quot;height&quot;:150,&quot;width&quot;:150,&quot;orientation&quot;:&quot;landscape&quot;},&quot;full&quot;:{&quot;url&quot;:&quot;https:\/\/growthlabs.com.br\/wp-content\/uploads\/2025\/06\/logos-petrobras-base.png.webp&quot;,&quot;height&quot;:300,&quot;width&quot;:300,&quot;orientation&quot;:&quot;landscape&quot;}}\" style=\"\" loading=\"lazy\"><\/span><span><img decoding=\"async\" alt=\"\" data-id=\"4971\" width=\"300\" height=\"300\" title=\"logos-petz-base.png\" src=\"https:\/\/growthlabs.com.br\/wp-content\/uploads\/2025\/06\/logos-petz-base.png.webp\" data-src=\"https:\/\/growthlabs.com.br\/wp-content\/uploads\/2025\/06\/logos-petz-base.png.webp\" data-sizes=\"{&quot;thumbnail&quot;:{&quot;url&quot;:&quot;https:\/\/growthlabs.com.br\/wp-content\/uploads\/2025\/06\/logos-petz-base.png-150x150.webp&quot;,&quot;height&quot;:150,&quot;width&quot;:150,&quot;orientation&quot;:&quot;landscape&quot;},&quot;full&quot;:{&quot;url&quot;:&quot;https:\/\/growthlabs.com.br\/wp-content\/uploads\/2025\/06\/logos-petz-base.png.webp&quot;,&quot;height&quot;:300,&quot;width&quot;:300,&quot;orientation&quot;:&quot;landscape&quot;}}\" style=\"\" loading=\"lazy\"><\/span><span><img decoding=\"async\" alt=\"\" data-id=\"4972\" width=\"300\" height=\"200\" title=\"logos-sabesp-base.png\" src=\"https:\/\/growthlabs.com.br\/wp-content\/uploads\/2025\/06\/logos-sabesp-base.png.webp\" data-src=\"https:\/\/growthlabs.com.br\/wp-content\/uploads\/2025\/06\/logos-sabesp-base.png.webp\" data-sizes=\"{&quot;thumbnail&quot;:{&quot;url&quot;:&quot;https:\/\/growthlabs.com.br\/wp-content\/uploads\/2025\/06\/logos-sabesp-base.png-150x150.webp&quot;,&quot;height&quot;:150,&quot;width&quot;:150,&quot;orientation&quot;:&quot;landscape&quot;},&quot;full&quot;:{&quot;url&quot;:&quot;https:\/\/growthlabs.com.br\/wp-content\/uploads\/2025\/06\/logos-sabesp-base.png.webp&quot;,&quot;height&quot;:200,&quot;width&quot;:300,&quot;orientation&quot;:&quot;landscape&quot;}}\" style=\"\" loading=\"lazy\"><\/span><\/p>\n<p style=\"\">\n<p style=\"\"><span style=\"\">\u00c1<\/span>reas<\/p>\n<h2 style=\"\">Setores que Atendemos<\/h2>\n<h5 style=\"\">VAREJO<\/h5>\n<p><!--! Font Awesome Free 6.7.1 by @fontawesome - https:\/\/fontawesome.com License - https:\/\/fontawesome.com\/license\/free (Icons: CC BY 4.0, Fonts: SIL OFL 1.1, Code: MIT License) Copyright 2024 Fonticons, Inc. --><\/p>\n<p style=\"\">Energia confi\u00e1vel para manter lojas, centros comerciais e opera\u00e7\u00f5es de PDV funcionando sem interrup\u00e7\u00f5es.<\/p>\n<p style=\"\">\n<h5 style=\"\">Ind\u00fastria<\/h5>\n<p style=\"\">Garantia de energia cont\u00ednua para linhas produtivas, processos cr\u00edticos e manuten\u00e7\u00e3o programada.<\/p>\n<p style=\"\">\n<h5 style=\"\">Engenharia + \u00d3leo e G\u00e1s<\/h5>\n<p style=\"\">Energia segura e sob medida para opera\u00e7\u00f5es estrat\u00e9gicas, em campo ou em bases industriais.<\/p>\n<p style=\"\">\n<h5 style=\"\">CONSTRU\u00c7\u00c3O<\/h5>\n<p style=\"\">Energia no canteiro de obras com mobiliza\u00e7\u00e3o r\u00e1pida, suporte t\u00e9cnico e seguran\u00e7a operacional.<\/p>\n<p style=\"\">\n<h5 style=\"\">FOTOVOLTAICA<\/h5>\n<p style=\"\">Backup inteligente para usinas solares, garantindo opera\u00e7\u00e3o cont\u00ednua mesmo em situa\u00e7\u00f5es cr\u00edticas.<\/p>\n<p style=\"\">\n<h5 style=\"\">Minera\u00e7\u00e3o<\/h5>\n<p><!--! Font Awesome Free 6.7.1 by @fontawesome - https:\/\/fontawesome.com License - https:\/\/fontawesome.com\/license\/free (Icons: CC BY 4.0, Fonts: SIL OFL 1.1, Code: MIT License) Copyright 2024 Fonticons, Inc. --><\/p>\n<p style=\"\">Solu\u00e7\u00f5es robustas para locais remotos e exigentes, com suporte 24h e alta performance.<\/p>\n<p style=\"\">\n<h3 style=\"\">Refrigera\u00e7\u00e3o sob controle.Quando e onde voc\u00ea precisar.<\/h3>\n<p style=\"\">ABC<\/p>\n<h2 style=\"\">Somos a solu\u00e7\u00e3o completa para controle de temperatura<\/h2>\n<p style=\"\">Nossos engenheiros est\u00e3o prontos para analisar e garantir o melhor servi\u00e7o a ser contratado.Temos a solu\u00e7\u00e3o completa para te auxiliar no processo de loca\u00e7\u00e3o de equipamentos de refrigera\u00e7\u00e3o e climatiza\u00e7\u00e3o industrial.<\/p>\n<p style=\"\">Veja outros benef\u00edcios&nbsp;<\/p>\n<h6>Consultoria de projetos<\/h6>\n<p style=\"\">Realizamos visitas t\u00e9cnicas para dimensionar as necessidades de pot\u00eancia dos geradores para sua empresa<\/p>\n<p style=\"\">\n<h6 style=\"\">Dimensionamento da Demanda<\/h6>\n<p style=\"\">Realizamos visita t\u00e9cnica para dimensionar a necessidade de pot\u00eancia de gerador para o seu neg\u00f3cio<\/p>\n<p style=\"\">\n<h6 style=\"\">Seguran\u00e7a, Compliance e SLA<\/h6>\n<p>O tempo de espera de atendimento da ABC geradores \u00e9 um dos mais r\u00e1pidos do mercado. Atendimento com agilidade e efici\u00eancia.<\/p>\n<h3 style=\"\">Garanta Refrigera\u00e7\u00e3o Confi\u00e1vel na sua opera\u00e7\u00e3o Agora<\/h3>\n<p style=\"\">Evite paradas, atrasos e preju\u00edzos. Solicite sua solu\u00e7\u00e3o sob medida com atendimento 24h.<\/p>\n<h2 style=\"text-align: center;\">Excel\u00eancia que gera Efici\u00eancia.<\/h2>\n<p style=\"text-align: center;\">Somos refer\u00eancia no aluguel de equipamentos de refrigera\u00e7\u00e3o e climatiza\u00e7\u00e3o industrial<\/p>\n<ul style=\"\">\n<li style=\"\"><span style=\"\"><strong>Investimento. <\/strong>Dilui\u00e7\u00e3o do valor durante o per\u00edodo contratado, possibilitando destinar o capital para diversas opera\u00e7\u00f5es do dia a dia da empresa.<\/span><\/li>\n<li style=\"\"><span style=\"\"><strong>Entrega. <\/strong>Disponibilidade imediata dependendo da complexidade do projeto.<\/span><\/li>\n<li style=\"\"><span style=\"\"><strong>Startup Inicial. <\/strong>Op\u00e7\u00e3o de dilui\u00e7\u00e3o nas parcelas mensais, n\u00e3o comprometendo o caixa da empresa em um \u00fanico m\u00eas.<\/span><\/li>\n<li><span><strong>Flexibilidade na Demanda. <\/strong>Flexibilidade de modifica\u00e7\u00e3o contratual, optando por um equipamento maior ou menor.<\/span><\/li>\n<li><span><strong>Benef\u00edcio Fiscal. <\/strong>Contabilizada como despesa operacional permitindo abatimento no Importo de Renda para empresas com regime tribut\u00e1rio do Lucro Real.<\/span><\/li>\n<\/ul>\n<ul style=\"\">\n<li style=\"\"><span style=\"\"><strong>Manuten\u00e7\u00e3o. <\/strong>Manuten\u00e7\u00e3o preventiva, corretiva, substitui\u00e7\u00e3o de pe\u00e7as e consertos gerais s\u00e3o inteiramente realizados pela locadora, sem custo adicional.<\/span><\/li>\n<li style=\"\"><span style=\"\"><strong>Garantia. <\/strong>Garantia do cliente perdura durante todo o tempo de contrato.<\/span><\/li>\n<li style=\"\"><span style=\"\"><strong>Emerg\u00eancias. <\/strong>Equipe dispon\u00edvel para qualquer emerg\u00eancia sem \u00f4nus em contrato, 24 horas por dia nos 07 dias da semana com resolu\u00e7\u00e3o remota ou presencial dependendo do ocorrido.<\/span><\/li>\n<li><span><strong>Deprecia\u00e7\u00e3o. <\/strong>Toda deprecia\u00e7\u00e3o e desvaloriza\u00e7\u00e3o do equipamento fica por conta da locadora.<\/span><\/li>\n<\/ul>\n<p style=\"\">Depoimentos<\/p>\n<h2 style=\"\">O que falam da ABC<\/h2>\n<p><span><img decoding=\"async\" alt=\"\" data-id=\"60513\" width=\"37\" data-init-width=\"37\" height=\"28\" data-init-height=\"28\" title=\"Quote_left marks\" src=\"https:\/\/chiller.abcgeradores.com.br\/wp-content\/uploads\/2025\/08\/Quote_left-marks.png\" data-width=\"37\" data-height=\"28\" style=\"aspect-ratio: auto 37 \/ 28;\" loading=\"lazy\"><\/span><\/p>\n<h4 style=\"letter-spacing: 0px;\"><span style=\"background-color: var(--tcb-skin-color-0);\">Entregam<\/span> o que prometem<\/h4>\n<p style=\"\">O suporte da ABC \u00e9 completo e eficiente. Sempre que precisamos de atendimento t\u00e9cnico, a resposta \u00e9 r\u00e1pida e resolutiva. \u00c9 tranquilizante contar com um parceiro t\u00e3o comprometido com a opera\u00e7\u00e3o.<\/p>\n<p style=\"\">Ind\u00fastria<\/p>\n<p><span><img decoding=\"async\" alt=\"\" data-id=\"60512\" width=\"37\" data-init-width=\"37\" height=\"28\" data-init-height=\"28\" title=\"Quote_ right marks\" src=\"https:\/\/chiller.abcgeradores.com.br\/wp-content\/uploads\/2025\/08\/Quote_-right-marks.png\" data-width=\"37\" data-height=\"28\" style=\"aspect-ratio: auto 37 \/ 28;\" loading=\"lazy\"><\/span><\/p>\n<p style=\"text-align: center;\">\u201c<\/p>\n<p style=\"\">O atendimento da ABC sempre foi exemplar. A equipe demonstra total compreens\u00e3o nas necessidades de prorroga\u00e7\u00e3o de loca\u00e7\u00e3o, agindo com agilidade e flexibilidade. Somos gratos pelo suporte constante e pela parceria ao longo do projeto.<\/p>\n<h4 style=\"\">Minera\u00e7\u00e3o<\/h4>\n<p style=\"text-align: center;\">\u201c<\/p>\n<p style=\"\">Os servi\u00e7os prestados s\u00e3o de alta qualidade e a equipe t\u00e9cnica demonstra total compet\u00eancia. Recomendamos a ABC Geradores pela seriedade no atendimento e pela confiabilidade que entregam.<\/p>\n<h4 style=\"\">Institui\u00e7\u00e3o P\u00fablica<\/h4>\n<h4 style=\"\">Pronto para garantir energia sem Interrup\u00e7\u00f5es em sua Opera\u00e7\u00e3o?<\/h4>\n<p>Fale com um especialista da ABC Geradores e receba uma proposta sob medida para o seu projeto.Atendimento 24h, entrega r\u00e1pida e suporte t\u00e9cnico de ponta.<\/p>\n<p>[tcb-script type=&#8221;text\/javascript&#8221; src=&#8221;https:\/\/d335luupugsy2.cloudfront.net\/js\/rdstation-forms\/stable\/rdstation-forms.min.js&#8221;][\/tcb-script][tcb-script type=&#8221;text\/javascript&#8221;] new RDStationForms(&#8216;chiller-ppc-6f390d66562e7acdf01e&#8217;, &#8216;UA-99198849-1&#8217;).createForm();[\/tcb-script][tcb-script]document.addEventListener(&#8216;DOMContentLoaded&#8217;, function() {    const params = new URLSearchParams(window.location.search);        function fillUTMFields(context = document) {        const campaign = context.querySelector(&#8216;input[name=&#8221;cf_utm_campaign&#8221;]&#8217;);        const source = context.querySelector(&#8216;input[name=&#8221;cf_utm_source&#8221;]&#8217;);        const medium = context.querySelector(&#8216;input[name=&#8221;cf_utm_medium&#8221;]&#8217;);        const content = context.querySelector(&#8216;input[name=&#8221;cf_utm_content&#8221;]&#8217;);        const term = context.querySelector(&#8216;input[name=&#8221;cf_utm_term&#8221;]&#8217;);                let filled = false;                if (campaign &amp;&amp; !campaign.value) {            campaign.value = params.get(&#8216;utm_campaign&#8217;) || &#8221;;            filled = true;        }        if (source &amp;&amp; !source.value) {            source.value = params.get(&#8216;utm_source&#8217;) || &#8221;;            filled = true;        }        if (medium &amp;&amp; !medium.value) {            medium.value = params.get(&#8216;utm_medium&#8217;) || &#8221;;            filled = true;        }        if (content &amp;&amp; !content.value) {            content.value = params.get(&#8216;utm_content&#8217;) || &#8221;;            filled = true;        }        if (term &amp;&amp; !term.value) {            term.value = params.get(&#8216;utm_term&#8217;) || &#8221;;            filled = true;        }                if (filled) {            console.log(&#8216;UTMs preenchidos:&#8217;, {                campaign: campaign?.value,                source: source?.value,                medium: medium?.value,                content: content?.value,                term: term?.value            });        }                return filled;    }        setTimeout(function() {        fillUTMFields();    }, 1000);        const observer = new MutationObserver(function(mutations) {        mutations.forEach(function(mutation) {            if (mutation.type === &#8216;childList&#8217; &amp;&amp; mutation.addedNodes.length &gt; 0) {                mutation.addedNodes.forEach(function(node) {                    if (node.nodeType === 1) {                        fillUTMFields(node);                    }                });            }        });    });        observer.observe(document.body, {        childList: true,        subtree: true    });        setTimeout(() =&gt; observer.disconnect(), 30000);});[\/tcb-script]<\/p>\n","protected":false},"excerpt":{"rendered":"<p>Autonomia e economia para o seu neg\u00f3cio Loca\u00e7\u00e3o de chiller para refrigera\u00e7\u00e3o e climatiza\u00e7\u00e3o Industrial Nossa solu\u00e7\u00e3o de loca\u00e7\u00e3o de equipamentos para climatiza\u00e7\u00e3o e controle de temperatura ajudam a minimizar perdas e otimizar processos. \u00c1reas Setores que Atendemos VAREJO Energia confi\u00e1vel para manter lojas, centros comerciais e opera\u00e7\u00f5es de PDV funcionando sem interrup\u00e7\u00f5es. Ind\u00fastria Garantia [&hellip;]<\/p>\n","protected":false},"author":1,"featured_media":0,"parent":0,"menu_order":0,"comment_status":"closed","ping_status":"closed","template":"","meta":{"footnotes":""},"class_list":["post-17","page","type-page","status-publish","hentry","post-wrapper","thrv_wrapper"],"_links":{"self":[{"href":"https:\/\/chiller.abcgeradores.com.br\/index.php\/wp-json\/wp\/v2\/pages\/17","targetHints":{"allow":["GET"]}}],"collection":[{"href":"https:\/\/chiller.abcgeradores.com.br\/index.php\/wp-json\/wp\/v2\/pages"}],"about":[{"href":"https:\/\/chiller.abcgeradores.com.br\/index.php\/wp-json\/wp\/v2\/types\/page"}],"author":[{"embeddable":true,"href":"https:\/\/chiller.abcgeradores.com.br\/index.php\/wp-json\/wp\/v2\/users\/1"}],"replies":[{"embeddable":true,"href":"https:\/\/chiller.abcgeradores.com.br\/index.php\/wp-json\/wp\/v2\/comments?post=17"}],"version-history":[{"count":11,"href":"https:\/\/chiller.abcgeradores.com.br\/index.php\/wp-json\/wp\/v2\/pages\/17\/revisions"}],"predecessor-version":[{"id":52,"href":"https:\/\/chiller.abcgeradores.com.br\/index.php\/wp-json\/wp\/v2\/pages\/17\/revisions\/52"}],"wp:attachment":[{"href":"https:\/\/chiller.abcgeradores.com.br\/index.php\/wp-json\/wp\/v2\/media?parent=17"}],"curies":[{"name":"wp","href":"https:\/\/api.w.org\/{rel}","templated":true}]}}